{"id":9548,"date":"2023-05-15T11:03:20","date_gmt":"2023-05-15T11:03:20","guid":{"rendered":"https:\/\/adoptauncopac.ro\/rojiste\/"},"modified":"2023-05-17T14:37:36","modified_gmt":"2023-05-17T14:37:36","slug":"rojiste","status":"publish","type":"page","link":"https:\/\/adoptauncopac.ro\/en\/rojiste\/","title":{"rendered":"Roji\u0219te (Dolj)"},"content":{"rendered":"\t\t<div data-elementor-type=\"wp-page\" data-elementor-id=\"9548\" class=\"elementor elementor-9548 elementor-8686\" data-elementor-post-type=\"page\">\n\t\t\t\t\t\t<section class=\"elementor-section elementor-top-section elementor-element elementor-element-42c934c elementor-section-boxed elementor-section-height-default elementor-section-height-default\" data-id=\"42c934c\" data-element_type=\"section\" data-e-type=\"section\">\n\t\t\t\t\t\t<div class=\"elementor-container elementor-column-gap-default\">\n\t\t\t\t\t<div class=\"elementor-column elementor-col-100 elementor-top-column elementor-element elementor-element-44a1f2a4\" data-id=\"44a1f2a4\" data-element_type=\"column\" data-e-type=\"column\">\n\t\t\t<div class=\"elementor-widget-wrap elementor-element-populated\">\n\t\t\t\t\t\t<div class=\"elementor-element elementor-element-27dc27b0 elementor-widget elementor-widget-global elementor-global-7716 elementor-widget-spacer\" data-id=\"27dc27b0\" data-element_type=\"widget\" data-e-type=\"widget\" data-widget_type=\"spacer.default\">\n\t\t\t\t<div class=\"elementor-widget-container\">\n\t\t\t\t\t\t\t<div class=\"elementor-spacer\">\n\t\t\t<div class=\"elementor-spacer-inner\"><\/div>\n\t\t<\/div>\n\t\t\t\t\t\t<\/div>\n\t\t\t\t<\/div>\n\t\t\t\t<div class=\"elementor-element elementor-element-66448102 elementor-widget elementor-widget-heading\" data-id=\"66448102\" data-element_type=\"widget\" data-e-type=\"widget\" data-widget_type=\"heading.default\">\n\t\t\t\t<div class=\"elementor-widget-container\">\n\t\t\t\t\t<h1 class=\"elementor-heading-title elementor-size-default\">Roji\u0219te<\/h1>\t\t\t\t<\/div>\n\t\t\t\t<\/div>\n\t\t\t\t<div class=\"elementor-element elementor-element-e27499c elementor-widget-divider--view-line elementor-widget elementor-widget-global elementor-global-1766 elementor-widget-divider\" data-id=\"e27499c\" data-element_type=\"widget\" data-e-type=\"widget\" data-widget_type=\"divider.default\">\n\t\t\t\t<div class=\"elementor-widget-container\">\n\t\t\t\t\t\t\t<div class=\"elementor-divider\">\n\t\t\t<span class=\"elementor-divider-separator\">\n\t\t\t\t\t\t<\/span>\n\t\t<\/div>\n\t\t\t\t\t\t<\/div>\n\t\t\t\t<\/div>\n\t\t\t\t\t<\/div>\n\t\t<\/div>\n\t\t\t\t\t<\/div>\n\t\t<\/section>\n\t\t\t\t<section class=\"elementor-section elementor-top-section elementor-element elementor-element-796f3d9b elementor-section-boxed elementor-section-height-default elementor-section-height-default\" data-id=\"796f3d9b\" data-element_type=\"section\" data-e-type=\"section\" data-settings=\"{&quot;background_background&quot;:&quot;classic&quot;}\">\n\t\t\t\t\t\t<div class=\"elementor-container elementor-column-gap-default\">\n\t\t\t\t\t<div class=\"elementor-column elementor-col-100 elementor-top-column elementor-element elementor-element-5b09aa64\" data-id=\"5b09aa64\" data-element_type=\"column\" data-e-type=\"column\">\n\t\t\t<div class=\"elementor-widget-wrap elementor-element-populated\">\n\t\t\t\t\t\t<div class=\"elementor-element elementor-element-725e8f64 elementor-widget elementor-widget-text-editor\" data-id=\"725e8f64\" data-element_type=\"widget\" data-e-type=\"widget\" data-widget_type=\"text-editor.default\">\n\t\t\t\t<div class=\"elementor-widget-container\">\n\t\t\t\t\t\t\t\t\t<p><span lang=\"EN-US\"><strong>Localizare: <\/strong>Comuna Roji\u0219te, jude\u021bul Dolj<\/span><\/p><p><span lang=\"EN-US\"><strong>Start proiect:\u00a0<\/strong><\/span>prim\u0103var\u0103 2022<\/p><p><span lang=\"EN-US\"><strong>Suprafa\u021b\u0103 plantat\u0103:<\/strong> 5,6 ha<\/span><\/p><p><span lang=\"EN-US\"><strong>Obiectiv:<\/strong> \u00eenfiin\u021bare perimetru de ameliorare pentru reabilitarea unui teren de\u0219ertificat.<\/span><\/p><p><span lang=\"EN-US\"><strong>Specii plantate: <\/strong>salc\u00e2m (<em>Robinia pseudoacacia)<\/em>, s\u0103lcioar\u0103 (<em>Elaeagnus angustifolia<\/em>) \u0219i gl\u0103di\u021b\u0103 (Honey locust).\u00a0<\/span><\/p><p><strong>Stare de masiv<\/strong>: toamn\u0103 2028 (estimat)<\/p><p><span lang=\"EN-US\"><strong>Stadiu actual proiect:\u00a0<\/strong>\u00een derulare<\/span><\/p><p><strong><span lang=\"EN-US\">Parteneri: <\/span><\/strong><span lang=\"EN-US\">AirWick Romania,\u00a0<\/span><span lang=\"EN-US\">CORA, Electronic Waste Management, GOPET, ISAF, Kambi, Profi, Schneider Electric,\u00a0Societe Generale Global, Solution Centre, TeraPlast, Promenada Mall\/Nepi Rockcastle.<\/span><\/p>\t\t\t\t\t\t\t\t<\/div>\n\t\t\t\t<\/div>\n\t\t\t\t\t<\/div>\n\t\t<\/div>\n\t\t\t\t\t<\/div>\n\t\t<\/section>\n\t\t\t\t<section class=\"elementor-section elementor-top-section elementor-element elementor-element-7d1c9397 elementor-section-boxed elementor-section-height-default elementor-section-height-default\" data-id=\"7d1c9397\" data-element_type=\"section\" data-e-type=\"section\">\n\t\t\t\t\t\t<div class=\"elementor-container elementor-column-gap-default\">\n\t\t\t\t\t<div class=\"elementor-column elementor-col-100 elementor-top-column elementor-element elementor-element-63e8dcef\" data-id=\"63e8dcef\" data-element_type=\"column\" data-e-type=\"column\">\n\t\t\t<div class=\"elementor-widget-wrap elementor-element-populated\">\n\t\t\t\t\t\t<div class=\"elementor-element elementor-element-71ecf04e elementor-widget elementor-widget-text-editor\" data-id=\"71ecf04e\" data-element_type=\"widget\" data-e-type=\"widget\" data-widget_type=\"text-editor.default\">\n\t\t\t\t<div class=\"elementor-widget-container\">\n\t\t\t\t\t\t\t\t\t<p class=\"p1\"><strong>Motiva\u021bie pentru amplasarea perimetrelor de ameliorare<\/strong><\/p><p>Comuna Roji\u0219te se afl\u0103 \u00een sudul jude\u021bului Dolj, un areal puternic afectat de de\u0219ertificare.<\/p><p>Parcela de teren pus\u0103 la dispozi\u021bie de c\u0103tre Prim\u0103ria Roji\u0219te a fost declarat\u0103 teren degradat \u00een urma unui studiu pedologic realizat de OSPA Dolj, care arat\u0103 c\u0103 acest teren este slab productiv pentru culturi agricole \u0219i recomand\u0103 ameliorarea prin \u00eemp\u0103durire.<\/p><p>Pentru stabilizarea solului nisipos, c\u00e2t \u0219i pentru reabilitarea lui prin \u00eembog\u0103\u021birea \u00een humus, dar \u0219i pentru \u00eembun\u0103t\u0103\u021birea microclimatului arid, plantarea de vegeta\u021bie forestier\u0103 reprezint\u0103 cea mai bun\u0103 solu\u021bie pentru oprirea \u00eenaint\u0103rii fenomenului de de\u0219ertificare.<\/p><p>Zona Roji\u0219te este singura dintre cele \u00een care am plantat p\u00e2n\u0103 acum care a fost declarat\u0103 calamitat\u0103.<\/p><p>Am plantat \u00een luna aprilie 2022, am \u00eengrijit cu solu\u021bii bio \u00een luna mai \u0219i apoi mecanizat \u0219i manual \u00een iunie, puie\u021bii cre\u0219teau frumos, estimam un grad de prindere de 90%. La finalul lunii iulie, puie\u021bii nu mai erau bine. Am dus 2 puie\u021bi la analize \u0219i am aflat c\u0103 erau afecta\u021bi de nematozi filiformi \u0219i de ciuperca Fusarium. Acestea \u00eempreun\u0103 cu seceta verii le-au sc\u0103zut gradul de prindere la 20%.\u00a0 \u00cen toamna 2022 puie\u021bii care nu s-au prins au fost \u00eenlocui\u021bi.<\/p><p>\u00a0<\/p><p><strong>Ultima lucrare efectuat\u0103: <\/strong><span style=\"font-size: 16px;\">complet\u0103ri puie\u021bi cu zilieri \u00een noiembrie-decembrie 2022<\/span><\/p><div class=\"vc_row wpb_row section vc_row-fluid vc_inner  vc_custom_1569233437930\"><div class=\" full_section_inner clearfix\"><div class=\"wpb_column vc_column_container vc_col-sm-12\"><div class=\"vc_column-inner\"><div class=\"wpb_wrapper\"><div class=\"wpb_text_column wpb_content_element \"><div class=\"wpb_wrapper\">\u00a0<\/div><\/div><\/div><\/div><\/div><\/div><\/div>\t\t\t\t\t\t\t\t<\/div>\n\t\t\t\t<\/div>\n\t\t\t\t<div class=\"elementor-element elementor-element-3606b58 elementor-widget elementor-widget-global elementor-global-7716 elementor-widget-spacer\" data-id=\"3606b58\" data-element_type=\"widget\" data-e-type=\"widget\" data-widget_type=\"spacer.default\">\n\t\t\t\t<div class=\"elementor-widget-container\">\n\t\t\t\t\t\t\t<div class=\"elementor-spacer\">\n\t\t\t<div class=\"elementor-spacer-inner\"><\/div>\n\t\t<\/div>\n\t\t\t\t\t\t<\/div>\n\t\t\t\t<\/div>\n\t\t\t\t\t<\/div>\n\t\t<\/div>\n\t\t\t\t\t<\/div>\n\t\t<\/section>\n\t\t\t\t<section class=\"elementor-section elementor-top-section elementor-element elementor-element-17abb6dd elementor-section-boxed elementor-section-height-default elementor-section-height-default\" data-id=\"17abb6dd\" data-element_type=\"section\" data-e-type=\"section\">\n\t\t\t\t\t\t<div class=\"elementor-container elementor-column-gap-default\">\n\t\t\t\t\t<div class=\"elementor-column elementor-col-33 elementor-top-column elementor-element elementor-element-6298e392\" data-id=\"6298e392\" data-element_type=\"column\" data-e-type=\"column\">\n\t\t\t<div class=\"elementor-widget-wrap elementor-element-populated\">\n\t\t\t\t\t\t<div class=\"elementor-element elementor-element-500ef15a elementor-widget elementor-widget-image\" data-id=\"500ef15a\" data-element_type=\"widget\" data-e-type=\"widget\" data-widget_type=\"image.default\">\n\t\t\t\t<div class=\"elementor-widget-container\">\n\t\t\t\t\t\t\t\t\t\t\t\t<figure class=\"wp-caption\">\n\t\t\t\t\t\t\t\t\t\t\t<a href=\"https:\/\/adoptauncopac.ro\/galerie-foto-rojiste-2022\/\">\n\t\t\t\t\t\t\t<img fetchpriority=\"high\" decoding=\"async\" width=\"400\" height=\"200\" src=\"https:\/\/adoptauncopac.ro\/wp-content\/uploads\/2023\/05\/image000200-scaled-400x200-1.jpg\" class=\"attachment-large size-large wp-image-8690\" alt=\"\" srcset=\"https:\/\/adoptauncopac.ro\/wp-content\/uploads\/2023\/05\/image000200-scaled-400x200-1.jpg 400w, https:\/\/adoptauncopac.ro\/wp-content\/uploads\/2023\/05\/image000200-scaled-400x200-1-300x150.jpg 300w\" sizes=\"(max-width: 400px) 100vw, 400px\" \/>\t\t\t\t\t\t\t\t<\/a>\n\t\t\t\t\t\t\t\t\t\t\t<figcaption class=\"widget-image-caption wp-caption-text\">Roji\u0219te 2022<\/figcaption>\n\t\t\t\t\t\t\t\t\t\t<\/figure>\n\t\t\t\t\t\t\t\t\t<\/div>\n\t\t\t\t<\/div>\n\t\t\t\t\t<\/div>\n\t\t<\/div>\n\t\t\t\t<div class=\"elementor-column elementor-col-33 elementor-top-column elementor-element elementor-element-25f4e464\" data-id=\"25f4e464\" data-element_type=\"column\" data-e-type=\"column\">\n\t\t\t<div class=\"elementor-widget-wrap\">\n\t\t\t\t\t\t\t<\/div>\n\t\t<\/div>\n\t\t\t\t<div class=\"elementor-column elementor-col-33 elementor-top-column elementor-element elementor-element-6095d76d\" data-id=\"6095d76d\" data-element_type=\"column\" data-e-type=\"column\">\n\t\t\t<div class=\"elementor-widget-wrap\">\n\t\t\t\t\t\t\t<\/div>\n\t\t<\/div>\n\t\t\t\t\t<\/div>\n\t\t<\/section>\n\t\t\t\t<section class=\"elementor-section elementor-top-section elementor-element elementor-element-323a0f17 elementor-section-boxed elementor-section-height-default elementor-section-height-default\" data-id=\"323a0f17\" data-element_type=\"section\" data-e-type=\"section\">\n\t\t\t\t\t\t<div class=\"elementor-container elementor-column-gap-default\">\n\t\t\t\t\t<div class=\"elementor-column elementor-col-100 elementor-top-column elementor-element elementor-element-6253e0ad\" data-id=\"6253e0ad\" data-element_type=\"column\" data-e-type=\"column\">\n\t\t\t<div class=\"elementor-widget-wrap elementor-element-populated\">\n\t\t\t\t\t\t<div class=\"elementor-element elementor-element-34044f14 elementor-widget elementor-widget-global elementor-global-7716 elementor-widget-spacer\" data-id=\"34044f14\" data-element_type=\"widget\" data-e-type=\"widget\" data-widget_type=\"spacer.default\">\n\t\t\t\t<div class=\"elementor-widget-container\">\n\t\t\t\t\t\t\t<div class=\"elementor-spacer\">\n\t\t\t<div class=\"elementor-spacer-inner\"><\/div>\n\t\t<\/div>\n\t\t\t\t\t\t<\/div>\n\t\t\t\t<\/div>\n\t\t\t\t\t<\/div>\n\t\t<\/div>\n\t\t\t\t\t<\/div>\n\t\t<\/section>\n\t\t\t\t<\/div>\n\t\t","protected":false},"excerpt":{"rendered":"<p>Roji\u0219te Localizare: Comuna Roji\u0219te, jude\u021bul Dolj Start proiect:&nbsp;prim\u0103var\u0103 2022 Suprafa\u021b\u0103 plantat\u0103: 5,6 ha Obiectiv: \u00eenfiin\u021bare perimetru de ameliorare pentru reabilitarea unui teren de\u0219ertificat. Specii plantate: salc\u00e2m (Robinia pseudoacacia), s\u0103lcioar\u0103 (Elaeagnus angustifolia) \u0219i gl\u0103di\u021b\u0103 (Honey locust).&nbsp; Stare de masiv: toamn\u0103 2028 (estimat) Stadiu actual proiect:&nbsp;\u00een derulare Parteneri: AirWick Romania,&nbsp;CORA, Electronic Waste Management, GOPET, ISAF, Kambi, Profi, [&hellip;]<\/p>\n","protected":false},"author":1,"featured_media":0,"parent":0,"menu_order":0,"comment_status":"closed","ping_status":"closed","template":"","meta":{"site-sidebar-layout":"no-sidebar","site-content-layout":"page-builder","ast-site-content-layout":"default","site-content-style":"default","site-sidebar-style":"default","ast-global-header-display":"","ast-banner-title-visibility":"","ast-main-header-display":"","ast-hfb-above-header-display":"","ast-hfb-below-header-display":"","ast-hfb-mobile-header-display":"","site-post-title":"disabled","ast-breadcrumbs-content":"","ast-featured-img":"disabled","footer-sml-layout":"","ast-disable-related-posts":"","theme-transparent-header-meta":"","adv-header-id-meta":"","stick-header-meta":"","header-above-stick-meta":"","header-main-stick-meta":"","header-below-stick-meta":"","astra-migrate-meta-layouts":"default","ast-page-background-enabled":"default","ast-page-background-meta":{"desktop":{"background-color":"var(--ast-global-color-4)","background-image":"","background-repeat":"repeat","background-position":"center center","background-size":"auto","background-attachment":"scroll","background-type":"","background-media":"","overlay-type":"","overlay-color":"","overlay-opacity":"","overlay-gradient":""},"tablet":{"background-color":"","background-image":"","background-repeat":"repeat","background-position":"center center","background-size":"auto","background-attachment":"scroll","background-type":"","background-media":"","overlay-type":"","overlay-color":"","overlay-opacity":"","overlay-gradient":""},"mobile":{"background-color":"","background-image":"","background-repeat":"repeat","background-position":"center center","background-size":"auto","background-attachment":"scroll","background-type":"","background-media":"","overlay-type":"","overlay-color":"","overlay-opacity":"","overlay-gradient":""}},"ast-content-background-meta":{"desktop":{"background-color":"var(--ast-global-color-5)","background-image":"","background-repeat":"repeat","background-position":"center center","background-size":"auto","background-attachment":"scroll","background-type":"","background-media":"","overlay-type":"","overlay-color":"","overlay-opacity":"","overlay-gradient":""},"tablet":{"background-color":"var(--ast-global-color-5)","background-image":"","background-repeat":"repeat","background-position":"center center","background-size":"auto","background-attachment":"scroll","background-type":"","background-media":"","overlay-type":"","overlay-color":"","overlay-opacity":"","overlay-gradient":""},"mobile":{"background-color":"var(--ast-global-color-5)","background-image":"","background-repeat":"repeat","background-position":"center center","background-size":"auto","background-attachment":"scroll","background-type":"","background-media":"","overlay-type":"","overlay-color":"","overlay-opacity":"","overlay-gradient":""}},"footnotes":""},"class_list":["post-9548","page","type-page","status-publish","hentry"],"yoast_head":"<!-- This site is optimized with the Yoast SEO plugin v27.3 - https:\/\/yoast.com\/product\/yoast-seo-wordpress\/ -->\n<title>Roji\u0219te - afforestation campaign initiated by \u201eAdopt a Tree!\u201d, Romania<\/title>\n<meta name=\"description\" content=\"The plot of land provided by Roji\u0219te City Hall was declared degraded land following a pedological study conducted by OSPA Dolj, which shows that this land is poorly productive for agricultural crops and recommends improvement through afforestation.\" \/>\n<meta name=\"robots\" content=\"index, follow, max-snippet:-1, max-image-preview:large, max-video-preview:-1\" \/>\n<link rel=\"canonical\" href=\"https:\/\/adoptauncopac.ro\/en\/rojiste\/\" \/>\n<meta property=\"og:locale\" content=\"en_US\" \/>\n<meta property=\"og:type\" content=\"article\" \/>\n<meta property=\"og:title\" content=\"Roji\u0219te - afforestation campaign initiated by \u201eAdopt a Tree!\u201d, Romania\" \/>\n<meta property=\"og:description\" content=\"The plot of land provided by Roji\u0219te City Hall was declared degraded land following a pedological study conducted by OSPA Dolj, which shows that this land is poorly productive for agricultural crops and recommends improvement through afforestation.\" \/>\n<meta property=\"og:url\" content=\"https:\/\/adoptauncopac.ro\/en\/rojiste\/\" \/>\n<meta property=\"og:site_name\" content=\"Adopt\u0103 un copac\" \/>\n<meta property=\"article:modified_time\" content=\"2023-05-17T14:37:36+00:00\" \/>\n<meta property=\"og:image\" content=\"https:\/\/adoptauncopac.ro\/wp-content\/uploads\/2023\/05\/image000200-scaled-400x200-1.jpg\" \/>\n<meta name=\"twitter:card\" content=\"summary_large_image\" \/>\n<meta name=\"twitter:label1\" content=\"Est. reading time\" \/>\n\t<meta name=\"twitter:data1\" content=\"2 minutes\" \/>\n<script type=\"application\/ld+json\" class=\"yoast-schema-graph\">{\"@context\":\"https:\\\/\\\/schema.org\",\"@graph\":[{\"@type\":\"WebPage\",\"@id\":\"https:\\\/\\\/adoptauncopac.ro\\\/en\\\/rojiste\\\/\",\"url\":\"https:\\\/\\\/adoptauncopac.ro\\\/en\\\/rojiste\\\/\",\"name\":\"Roji\u0219te - afforestation campaign initiated by \u201eAdopt a Tree!\u201d, Romania\",\"isPartOf\":{\"@id\":\"https:\\\/\\\/adoptauncopac.ro\\\/en\\\/#website\"},\"primaryImageOfPage\":{\"@id\":\"https:\\\/\\\/adoptauncopac.ro\\\/en\\\/rojiste\\\/#primaryimage\"},\"image\":{\"@id\":\"https:\\\/\\\/adoptauncopac.ro\\\/en\\\/rojiste\\\/#primaryimage\"},\"thumbnailUrl\":\"https:\\\/\\\/adoptauncopac.ro\\\/wp-content\\\/uploads\\\/2023\\\/05\\\/image000200-scaled-400x200-1.jpg\",\"datePublished\":\"2023-05-15T11:03:20+00:00\",\"dateModified\":\"2023-05-17T14:37:36+00:00\",\"description\":\"The plot of land provided by Roji\u0219te City Hall was declared degraded land following a pedological study conducted by OSPA Dolj, which shows that this land is poorly productive for agricultural crops and recommends improvement through afforestation.\",\"breadcrumb\":{\"@id\":\"https:\\\/\\\/adoptauncopac.ro\\\/en\\\/rojiste\\\/#breadcrumb\"},\"inLanguage\":\"en-US\",\"potentialAction\":[{\"@type\":\"ReadAction\",\"target\":[\"https:\\\/\\\/adoptauncopac.ro\\\/en\\\/rojiste\\\/\"]}]},{\"@type\":\"ImageObject\",\"inLanguage\":\"en-US\",\"@id\":\"https:\\\/\\\/adoptauncopac.ro\\\/en\\\/rojiste\\\/#primaryimage\",\"url\":\"https:\\\/\\\/adoptauncopac.ro\\\/wp-content\\\/uploads\\\/2023\\\/05\\\/image000200-scaled-400x200-1.jpg\",\"contentUrl\":\"https:\\\/\\\/adoptauncopac.ro\\\/wp-content\\\/uploads\\\/2023\\\/05\\\/image000200-scaled-400x200-1.jpg\"},{\"@type\":\"BreadcrumbList\",\"@id\":\"https:\\\/\\\/adoptauncopac.ro\\\/en\\\/rojiste\\\/#breadcrumb\",\"itemListElement\":[{\"@type\":\"ListItem\",\"position\":1,\"name\":\"Prima pagin\u0103\",\"item\":\"https:\\\/\\\/adoptauncopac.ro\\\/en\\\/\"},{\"@type\":\"ListItem\",\"position\":2,\"name\":\"Roji\u0219te (Dolj)\"}]},{\"@type\":\"WebSite\",\"@id\":\"https:\\\/\\\/adoptauncopac.ro\\\/en\\\/#website\",\"url\":\"https:\\\/\\\/adoptauncopac.ro\\\/en\\\/\",\"name\":\"Adopt\u0103 un copac\",\"description\":\"Un program ViitorPlus\",\"publisher\":{\"@id\":\"https:\\\/\\\/adoptauncopac.ro\\\/en\\\/#organization\"},\"potentialAction\":[{\"@type\":\"SearchAction\",\"target\":{\"@type\":\"EntryPoint\",\"urlTemplate\":\"https:\\\/\\\/adoptauncopac.ro\\\/en\\\/?s={search_term_string}\"},\"query-input\":{\"@type\":\"PropertyValueSpecification\",\"valueRequired\":true,\"valueName\":\"search_term_string\"}}],\"inLanguage\":\"en-US\"},{\"@type\":\"Organization\",\"@id\":\"https:\\\/\\\/adoptauncopac.ro\\\/en\\\/#organization\",\"name\":\"Adopt\u0103 un copac\",\"url\":\"https:\\\/\\\/adoptauncopac.ro\\\/en\\\/\",\"logo\":{\"@type\":\"ImageObject\",\"inLanguage\":\"en-US\",\"@id\":\"https:\\\/\\\/adoptauncopac.ro\\\/en\\\/#\\\/schema\\\/logo\\\/image\\\/\",\"url\":\"https:\\\/\\\/adoptauncopac.ro\\\/wp-content\\\/uploads\\\/2023\\\/04\\\/adopta-un-copac-logo-landscape-alb123x50.png\",\"contentUrl\":\"https:\\\/\\\/adoptauncopac.ro\\\/wp-content\\\/uploads\\\/2023\\\/04\\\/adopta-un-copac-logo-landscape-alb123x50.png\",\"width\":147,\"height\":50,\"caption\":\"Adopt\u0103 un copac\"},\"image\":{\"@id\":\"https:\\\/\\\/adoptauncopac.ro\\\/en\\\/#\\\/schema\\\/logo\\\/image\\\/\"}}]}<\/script>\n<!-- \/ Yoast SEO plugin. -->","yoast_head_json":{"title":"Roji\u0219te - afforestation campaign initiated by \u201eAdopt a Tree!\u201d, Romania","description":"The plot of land provided by Roji\u0219te City Hall was declared degraded land following a pedological study conducted by OSPA Dolj, which shows that this land is poorly productive for agricultural crops and recommends improvement through afforestation.","robots":{"index":"index","follow":"follow","max-snippet":"max-snippet:-1","max-image-preview":"max-image-preview:large","max-video-preview":"max-video-preview:-1"},"canonical":"https:\/\/adoptauncopac.ro\/en\/rojiste\/","og_locale":"en_US","og_type":"article","og_title":"Roji\u0219te - afforestation campaign initiated by \u201eAdopt a Tree!\u201d, Romania","og_description":"The plot of land provided by Roji\u0219te City Hall was declared degraded land following a pedological study conducted by OSPA Dolj, which shows that this land is poorly productive for agricultural crops and recommends improvement through afforestation.","og_url":"https:\/\/adoptauncopac.ro\/en\/rojiste\/","og_site_name":"Adopt\u0103 un copac","article_modified_time":"2023-05-17T14:37:36+00:00","og_image":[{"url":"https:\/\/adoptauncopac.ro\/wp-content\/uploads\/2023\/05\/image000200-scaled-400x200-1.jpg","type":"","width":"","height":""}],"twitter_card":"summary_large_image","twitter_misc":{"Est. reading time":"2 minutes"},"schema":{"@context":"https:\/\/schema.org","@graph":[{"@type":"WebPage","@id":"https:\/\/adoptauncopac.ro\/en\/rojiste\/","url":"https:\/\/adoptauncopac.ro\/en\/rojiste\/","name":"Roji\u0219te - afforestation campaign initiated by \u201eAdopt a Tree!\u201d, Romania","isPartOf":{"@id":"https:\/\/adoptauncopac.ro\/en\/#website"},"primaryImageOfPage":{"@id":"https:\/\/adoptauncopac.ro\/en\/rojiste\/#primaryimage"},"image":{"@id":"https:\/\/adoptauncopac.ro\/en\/rojiste\/#primaryimage"},"thumbnailUrl":"https:\/\/adoptauncopac.ro\/wp-content\/uploads\/2023\/05\/image000200-scaled-400x200-1.jpg","datePublished":"2023-05-15T11:03:20+00:00","dateModified":"2023-05-17T14:37:36+00:00","description":"The plot of land provided by Roji\u0219te City Hall was declared degraded land following a pedological study conducted by OSPA Dolj, which shows that this land is poorly productive for agricultural crops and recommends improvement through afforestation.","breadcrumb":{"@id":"https:\/\/adoptauncopac.ro\/en\/rojiste\/#breadcrumb"},"inLanguage":"en-US","potentialAction":[{"@type":"ReadAction","target":["https:\/\/adoptauncopac.ro\/en\/rojiste\/"]}]},{"@type":"ImageObject","inLanguage":"en-US","@id":"https:\/\/adoptauncopac.ro\/en\/rojiste\/#primaryimage","url":"https:\/\/adoptauncopac.ro\/wp-content\/uploads\/2023\/05\/image000200-scaled-400x200-1.jpg","contentUrl":"https:\/\/adoptauncopac.ro\/wp-content\/uploads\/2023\/05\/image000200-scaled-400x200-1.jpg"},{"@type":"BreadcrumbList","@id":"https:\/\/adoptauncopac.ro\/en\/rojiste\/#breadcrumb","itemListElement":[{"@type":"ListItem","position":1,"name":"Prima pagin\u0103","item":"https:\/\/adoptauncopac.ro\/en\/"},{"@type":"ListItem","position":2,"name":"Roji\u0219te (Dolj)"}]},{"@type":"WebSite","@id":"https:\/\/adoptauncopac.ro\/en\/#website","url":"https:\/\/adoptauncopac.ro\/en\/","name":"Adopt\u0103 un copac","description":"Un program ViitorPlus","publisher":{"@id":"https:\/\/adoptauncopac.ro\/en\/#organization"},"potentialAction":[{"@type":"SearchAction","target":{"@type":"EntryPoint","urlTemplate":"https:\/\/adoptauncopac.ro\/en\/?s={search_term_string}"},"query-input":{"@type":"PropertyValueSpecification","valueRequired":true,"valueName":"search_term_string"}}],"inLanguage":"en-US"},{"@type":"Organization","@id":"https:\/\/adoptauncopac.ro\/en\/#organization","name":"Adopt\u0103 un copac","url":"https:\/\/adoptauncopac.ro\/en\/","logo":{"@type":"ImageObject","inLanguage":"en-US","@id":"https:\/\/adoptauncopac.ro\/en\/#\/schema\/logo\/image\/","url":"https:\/\/adoptauncopac.ro\/wp-content\/uploads\/2023\/04\/adopta-un-copac-logo-landscape-alb123x50.png","contentUrl":"https:\/\/adoptauncopac.ro\/wp-content\/uploads\/2023\/04\/adopta-un-copac-logo-landscape-alb123x50.png","width":147,"height":50,"caption":"Adopt\u0103 un copac"},"image":{"@id":"https:\/\/adoptauncopac.ro\/en\/#\/schema\/logo\/image\/"}}]}},"_links":{"self":[{"href":"https:\/\/adoptauncopac.ro\/en\/wp-json\/wp\/v2\/pages\/9548","targetHints":{"allow":["GET"]}}],"collection":[{"href":"https:\/\/adoptauncopac.ro\/en\/wp-json\/wp\/v2\/pages"}],"about":[{"href":"https:\/\/adoptauncopac.ro\/en\/wp-json\/wp\/v2\/types\/page"}],"author":[{"embeddable":true,"href":"https:\/\/adoptauncopac.ro\/en\/wp-json\/wp\/v2\/users\/1"}],"replies":[{"embeddable":true,"href":"https:\/\/adoptauncopac.ro\/en\/wp-json\/wp\/v2\/comments?post=9548"}],"version-history":[{"count":0,"href":"https:\/\/adoptauncopac.ro\/en\/wp-json\/wp\/v2\/pages\/9548\/revisions"}],"wp:attachment":[{"href":"https:\/\/adoptauncopac.ro\/en\/wp-json\/wp\/v2\/media?parent=9548"}],"curies":[{"name":"wp","href":"https:\/\/api.w.org\/{rel}","templated":true}]}}